{"id":48,"date":"2024-06-21T21:31:35","date_gmt":"2024-06-21T21:31:35","guid":{"rendered":"http:\/\/163.178.171.49\/?page_id=48"},"modified":"2024-07-19T14:31:15","modified_gmt":"2024-07-19T14:31:15","slug":"centros-participantes","status":"publish","type":"page","link":"https:\/\/ruie.ucr.ac.cr\/index.php\/centros-participantes\/","title":{"rendered":"Centros participantes"},"content":{"rendered":"\t\t<div data-elementor-type=\"wp-page\" data-elementor-id=\"48\" class=\"elementor elementor-48\" data-elementor-post-type=\"page\">\n\t\t\t\t<div class=\"elementor-element elementor-element-f3d8f83 e-flex e-con-boxed e-con e-parent\" data-id=\"f3d8f83\" data-element_type=\"container\" data-e-type=\"container\">\n\t\t\t\t\t<div class=\"e-con-inner\">\n\t\t\t\t<div class=\"elementor-element elementor-element-11d5146 elementor-widget elementor-widget-heading\" data-id=\"11d5146\" data-element_type=\"widget\" data-e-type=\"widget\" data-widget_type=\"heading.default\">\n\t\t\t\t<div class=\"elementor-widget-container\">\n\t\t\t\t\t<h2 class=\"elementor-heading-title elementor-size-default\">Centros participantes<\/h2>\t\t\t\t<\/div>\n\t\t\t\t<\/div>\n\t\t\t\t<div class=\"elementor-element elementor-element-92ddebe elementor-widget elementor-widget-toggle\" data-id=\"92ddebe\" data-element_type=\"widget\" data-e-type=\"widget\" data-widget_type=\"toggle.default\">\n\t\t\t\t<div class=\"elementor-widget-container\">\n\t\t\t\t\t\t\t<div class=\"elementor-toggle\">\n\t\t\t\t\t\t\t<div class=\"elementor-toggle-item\">\n\t\t\t\t\t<div id=\"elementor-tab-title-1541\" class=\"elementor-tab-title\" data-tab=\"1\" role=\"button\" aria-controls=\"elementor-tab-content-1541\" aria-expanded=\"false\">\n\t\t\t\t\t\t\t\t\t\t\t\t<span class=\"elementor-toggle-icon elementor-toggle-icon-left\" aria-hidden=\"true\">\n\t\t\t\t\t\t\t\t\t\t\t\t\t\t\t<span class=\"elementor-toggle-icon-closed\"><svg class=\"e-font-icon-svg e-fas-caret-right\" viewBox=\"0 0 192 512\" xmlns=\"http:\/\/www.w3.org\/2000\/svg\"><path d=\"M0 384.662V127.338c0-17.818 21.543-26.741 34.142-14.142l128.662 128.662c7.81 7.81 7.81 20.474 0 28.284L34.142 398.804C21.543 411.404 0 402.48 0 384.662z\"><\/path><\/svg><\/span>\n\t\t\t\t\t\t\t\t<span class=\"elementor-toggle-icon-opened\"><svg class=\"elementor-toggle-icon-opened e-font-icon-svg e-fas-caret-up\" viewBox=\"0 0 320 512\" xmlns=\"http:\/\/www.w3.org\/2000\/svg\"><path d=\"M288.662 352H31.338c-17.818 0-26.741-21.543-14.142-34.142l128.662-128.662c7.81-7.81 20.474-7.81 28.284 0l128.662 128.662c12.6 12.599 3.676 34.142-14.142 34.142z\"><\/path><\/svg><\/span>\n\t\t\t\t\t\t\t\t\t\t\t\t\t<\/span>\n\t\t\t\t\t\t\t\t\t\t\t\t<a class=\"elementor-toggle-title\" tabindex=\"0\">Biblioteca Virginia Z\u00fa\u00f1iga Trist\u00e1n de la Facultad de Letra<\/a>\n\t\t\t\t\t<\/div>\n\n\t\t\t\t\t<div id=\"elementor-tab-content-1541\" class=\"elementor-tab-content elementor-clearfix\" data-tab=\"1\" role=\"region\" aria-labelledby=\"elementor-tab-title-1541\"><div class=\"item-page fixed subcontent institutions\">\n\nBiblioteca especializada en: Filolog\u00eda, Ling\u00fc\u00edstica y Literatura, Filosof\u00eda y Lenguas Modernas.\n<ul>\n \t<li>Acervo bibliogr\u00e1fico<\/li>\n \t<li>Esperanto<\/li>\n \t<li>Filosof\u00eda<\/li>\n<li>Gram\u00e1ticasLing\u00fc\u00edstica<\/li>\n \t<li>Literatura costarricense<\/li>\n \t<li>Literatura Espa\u00f1ola\nLiteratura Estadounidense<\/li>\n \t<li>Literatura Folkl\u00f3rica<\/li>\n \t<li>Literatura Francesa<\/li>\n \t<li>Literatura Griega<\/li>\n \t<li>Literatura Ind\u00edgena<\/li>\n \t<li>Literatura Infantil<\/li>\n \t<li>Literatura Inglesa<\/li>\n \t<li>Literatura Italiana<\/li>\n \t<li>Literatura Latina<\/li>\n \t<li>Literatura Latinoamericana<\/li>\n \t<li>Mitolog\u00eda<\/li>\n \t<li>Literatura de Polonia\nTeolog\u00eda<\/li>\n \t<li>Teor\u00eda literaria<\/li>\n \t<li>Otras Literatura<\/li>\n \t<li>Colecci\u00f3n de referencias: diccionarios en diversos idiomas y enciclopedias<\/li>\n \t<li>Publicaciones peri\u00f3dicas que se producen en la Facultad de Letras<\/li>\n \t<li>Trabajos finales de graduaci\u00f3n<\/li>\n \t<li>Audiovisuales<\/li>\n<\/ul>\n<h4>Objetivo General<\/h4>\nSatisfacer las demandas de informaci\u00f3n y conocimiento de la poblaci\u00f3n estudiantil, docente, administrativa e investigadora de la Facultad de Letras, as\u00ed como de otras dependencias de la Universidad de Costa Rica, mediante los recursos y servicios que administra y ofrece la Biblioteca Virginia Z\u00fa\u00f1iga Trist\u00e1n\n<h4>Objetivo espec\u00edfico<\/h4>\nObjetivos espec\u00edficos\n<ul>\n \t<li>Brindar atenci\u00f3n personalizada a los usuarios (estudiantes, docentes, funcionarios e investigadores) de la biblioteca.<\/li>\n \t<li>Organizar y proveer acceso a la informaci\u00f3n bibliogr\u00e1fica de acuerdo con normas y est\u00e1ndares establecidos, en concordancia con las necesidades de los usuarios de esta biblioteca.<\/li>\n \t<li>Actualizar el acervo bibliogr\u00e1fico en relaci\u00f3n con la especialidad de la biblioteca.<\/li>\n \t<li>Promover los servicios que se brindan a la comunidad de usuarios de la biblioteca.<\/li>\n \t<li>Ser un ente catalizador en la localizaci\u00f3n de informaci\u00f3n y conocimiento por parte de la comunidad universitaria.<\/li>\n \t<li>Proveer recursos automatizados de calidad, que contribuyan a la eficiencia y eficacia de los servicios que se brindan.<\/li>\n \t<li>Mantener una comunicaci\u00f3n permanente con las escuelas de la Facultad de Letras, para determinar los distintos requerimientos de informaci\u00f3n que presenta la poblaci\u00f3n universitaria, de acuerdo con los cursos que se imparten.<\/li>\n \t<li>Formar a la comunidad universitaria en los servicios, productos y recursos que se otorgan desde la biblioteca.<\/li>\n<\/ul>\n<h4>Servicios que se brindan<\/h4>\n<ul>\n \t<li>Pr\u00e9stamo, devoluci\u00f3n, renovaci\u00f3n de material bibliogr\u00e1fico a domicilio y sala.<\/li>\n \t<li>Pr\u00e9stamo digital<\/li>\n \t<li>Pr\u00e9stamo interbibliotecario<\/li>\n \t<li>Transferencia digital<\/li>\n \t<li>Localizaci\u00f3n de documentos<\/li>\n \t<li>B\u00fasquedas documentales<\/li>\n \t<li>Capacitaciones<\/li>\n<\/ul>\n<ul>\n \t<li style=\"list-style-type: none;\">\n<ul>\n \t<li>OPAC-KOHA,<\/li>\n \t<li>Bases de datos suscritas y de acceso abierto<\/li>\n \t<li>Estilos de citaci\u00f3n APA 4 ed. espa\u00f1ol, Chicago, MLA<\/li>\n \t<li>Gestores de referencias bibliogr\u00e1ficas<\/li>\n<\/ul>\n<\/li>\n \t<li>Sala de estudio<\/li>\n \t<li>Laboratorio de c\u00f3mputo<\/li>\n<\/ul>\n<ul>\n \t<li style=\"list-style-type: none;\">\n<ul>\n \t<li>Consultas recursos en l\u00ednea<\/li>\n \t<li>Redactar trabajos<\/li>\n \t<li>Recibir clases virtuales<\/li>\n<\/ul>\n<\/li>\n \t<li>Pr\u00e9stamo de aud\u00edfonos y c\u00e1maras<\/li>\n \t<li>Acceso a NVDA (Non Visual Desktop Access, es un lector de pantalla libre y gratuito que permite a las personas ciegas y con discapacidad visual usar ordenadores\u00a0 en el laboratorio.<\/li>\n \t<li>Alerta electr\u00f3nica sobre Nuevas Adquisiciones\nCat\u00e1logo en l\u00ednea http:\/\/biblet.ucr.ac.cr\nCanales de difusi\u00f3n y comunicaci\u00f3n en l\u00ednea: Facebook y WhatsApp<\/li>\n<\/ul>\n<h4>Sitio Web.<\/h4>\n<a href=\"https:\/\/letras.ucr.ac.cr\/servicios\/biblioteca-virginia-zuniga-tristan\/\" target=\"_blank\" rel=\"noopener\">https:\/\/letras.ucr.ac.cr\/servicios\/biblioteca-virginia-zuniga-tristan\/<\/a>\n<h4>Horario:<\/h4>\nLunes a Viernes:\n8:00 a.m. a 1:00 p.m.\n2:00 p.m. a 8:00 p.m.\n<h4>Contacto:<\/h4>\nTel. 2511-8425 \/ 2511-7278\nWhatsApp: 2511-7278\nCorreos: <a href=\"mailto:bvzt.le@ucr.ac.cr\">bvzt.le@ucr.ac.cr<\/a> \/ <a href=\"mailto:bvzt1977@gmail.com\">bvzt1977@gmail.com<\/a>\nFacebook: <a href=\"https:\/\/www.facebook.com\/bibliotecaletras\" target=\"_blank\" rel=\"noopener\">@bibliotecaletras<\/a>\n<h4>Coordinadoras:<\/h4>\nLicda. Luisa Lugo Guti\u00e9rrez\n\nLicda. Gabriela Salguera\n\n<strong>\u00a0<\/strong>\n\n<\/div><\/div>\n\t\t\t\t<\/div>\n\t\t\t\t\t\t\t<div class=\"elementor-toggle-item\">\n\t\t\t\t\t<div id=\"elementor-tab-title-1542\" class=\"elementor-tab-title\" data-tab=\"2\" role=\"button\" aria-controls=\"elementor-tab-content-1542\" aria-expanded=\"false\">\n\t\t\t\t\t\t\t\t\t\t\t\t<span class=\"elementor-toggle-icon elementor-toggle-icon-left\" aria-hidden=\"true\">\n\t\t\t\t\t\t\t\t\t\t\t\t\t\t\t<span class=\"elementor-toggle-icon-closed\"><svg class=\"e-font-icon-svg e-fas-caret-right\" viewBox=\"0 0 192 512\" xmlns=\"http:\/\/www.w3.org\/2000\/svg\"><path d=\"M0 384.662V127.338c0-17.818 21.543-26.741 34.142-14.142l128.662 128.662c7.81 7.81 7.81 20.474 0 28.284L34.142 398.804C21.543 411.404 0 402.48 0 384.662z\"><\/path><\/svg><\/span>\n\t\t\t\t\t\t\t\t<span class=\"elementor-toggle-icon-opened\"><svg class=\"elementor-toggle-icon-opened e-font-icon-svg e-fas-caret-up\" viewBox=\"0 0 320 512\" xmlns=\"http:\/\/www.w3.org\/2000\/svg\"><path d=\"M288.662 352H31.338c-17.818 0-26.741-21.543-14.142-34.142l128.662-128.662c7.81-7.81 20.474-7.81 28.284 0l128.662 128.662c12.6 12.599 3.676 34.142-14.142 34.142z\"><\/path><\/svg><\/span>\n\t\t\t\t\t\t\t\t\t\t\t\t\t<\/span>\n\t\t\t\t\t\t\t\t\t\t\t\t<a class=\"elementor-toggle-title\" tabindex=\"0\">Centro de Documentaci\u00f3n e Informaci\u00f3n (CEDI). Instituto de Investigaci\u00f3n en Ingenier\u00eda (INII)<\/a>\n\t\t\t\t\t<\/div>\n\n\t\t\t\t\t<div id=\"elementor-tab-content-1542\" class=\"elementor-tab-content elementor-clearfix\" data-tab=\"2\" role=\"region\" aria-labelledby=\"elementor-tab-title-1542\"><h3><strong>Antecedentes<\/strong><\/h3><p>Desde 1978 el Centro de Documentaci\u00f3n e Informaci\u00f3n (CEDI), se encarga de recopilar, procesar, custodiar, y difundir el patrimonio documental como memoria imprescindible de los Proyectos y Programas del Instituto de Investigaciones en Ingenier\u00eda, Proyectos de Bachillerato de la Escuela de Ingenier\u00eda El\u00e9ctrica y los Trabajos Finales de Graduaci\u00f3n de la Facultad de Ingenier\u00eda de la Universidad de Costa Rica.<\/p><h3><strong>Servicios<\/strong><\/h3><p>Pr\u00e9stamo a sala y domicilio de material bibliogr\u00e1fico.<br \/>Devoluci\u00f3n y renovaci\u00f3n de material bibliogr\u00e1fico.<br \/>Orientaci\u00f3n a usuarios: presencial, v\u00eda correo electr\u00f3nico y v\u00eda tel\u00e9fono <br \/>Sala de estudio<br \/>Localizaci\u00f3n y envi\u00f3 de documentos por correo electr\u00f3nico.<br \/>Transferencia digital documentos <\/p><h3><strong>Horario<\/strong><\/h3><p>De lunes a viernes de 7:00am a 12:00 md y de 1:00 pm a 4:00pm<br \/>Ubicaci\u00f3n<br \/>Primer piso del Edificio Administrativo de la Facultad de Ingenier\u00eda, Ciudad de la Investigaci\u00f3n. San Pedro Montes de Oca. San Jos\u00e9, Costa Rica.<\/p><h3><strong>Sitio Web<\/strong><\/h3><p><a href=\"https:\/\/cedi.ucr.ac.cr\/\">https:\/\/cedi.ucr.ac.cr\/<\/a><\/p><h3><strong>Coordinadora<\/strong><\/h3><p>Licda. Sandra Espinoza Baltodano<br \/><strong>Contactos<\/strong><br \/>Correo electr\u00f3nico: <a href=\"mailto:sandra.espinoza@ucr.ac.cr\">sandra.espinoza@ucr.ac.cr<\/a><br \/>Tel\u00e9fono (506) 2511 6644<\/p><\/div>\n\t\t\t\t<\/div>\n\t\t\t\t\t\t\t<div class=\"elementor-toggle-item\">\n\t\t\t\t\t<div id=\"elementor-tab-title-1543\" class=\"elementor-tab-title\" data-tab=\"3\" role=\"button\" aria-controls=\"elementor-tab-content-1543\" aria-expanded=\"false\">\n\t\t\t\t\t\t\t\t\t\t\t\t<span class=\"elementor-toggle-icon elementor-toggle-icon-left\" aria-hidden=\"true\">\n\t\t\t\t\t\t\t\t\t\t\t\t\t\t\t<span class=\"elementor-toggle-icon-closed\"><svg class=\"e-font-icon-svg e-fas-caret-right\" viewBox=\"0 0 192 512\" xmlns=\"http:\/\/www.w3.org\/2000\/svg\"><path d=\"M0 384.662V127.338c0-17.818 21.543-26.741 34.142-14.142l128.662 128.662c7.81 7.81 7.81 20.474 0 28.284L34.142 398.804C21.543 411.404 0 402.48 0 384.662z\"><\/path><\/svg><\/span>\n\t\t\t\t\t\t\t\t<span class=\"elementor-toggle-icon-opened\"><svg class=\"elementor-toggle-icon-opened e-font-icon-svg e-fas-caret-up\" viewBox=\"0 0 320 512\" xmlns=\"http:\/\/www.w3.org\/2000\/svg\"><path d=\"M288.662 352H31.338c-17.818 0-26.741-21.543-14.142-34.142l128.662-128.662c7.81-7.81 20.474-7.81 28.284 0l128.662 128.662c12.6 12.599 3.676 34.142-14.142 34.142z\"><\/path><\/svg><\/span>\n\t\t\t\t\t\t\t\t\t\t\t\t\t<\/span>\n\t\t\t\t\t\t\t\t\t\t\t\t<a class=\"elementor-toggle-title\" tabindex=\"0\">Centro de Informaci\u00f3n y Referencia sobre Centroam\u00e9rica y El Caribe (CIRCA). Centro de Investigaci\u00f3n en Identidad de Cultura Latinoamericana (CIICLA)<\/a>\n\t\t\t\t\t<\/div>\n\n\t\t\t\t\t<div id=\"elementor-tab-content-1543\" class=\"elementor-tab-content elementor-clearfix\" data-tab=\"3\" role=\"region\" aria-labelledby=\"elementor-tab-title-1543\"><h3><strong>Antecedentes<\/strong><\/h3><p>El Centro de Informaci\u00f3n y Referencia sobre Centroam\u00e9rica y el Caribe (CIRCA) es un m\u00f3dulo operativo del CIICLA que pretende generar espacios de encuentro entre instituciones y organismos interesados en el estudio de la regi\u00f3n centroamericana y caribe\u00f1a. El centro de informaci\u00f3n cuenta con un acervo especializado en producciones literarias y culturales sobre Centroam\u00e9rica y el Caribe, que facilitan el acceso de informaci\u00f3n a personas investigadoras, docentes y estudiantes, una biblioteca digital y el Bolet\u00edn Digital CIRCA-RedELCA.<br \/>Objetivos del CIRCA<br \/>1. Desarrollar, a mediano y largo plazo, proyectos y programas de investigaci\u00f3n sobre la regi\u00f3n centroamericana y caribe\u00f1a.<br \/>2. Favorecer la libre y eficaz circulaci\u00f3n de la informaci\u00f3n sobre el \u00e1rea, tanto dentro como fuera de esta.<br \/>3. Contribuir a atenuar la fragmentaci\u00f3n informativa, la subinformaci\u00f3n y la dispersi\u00f3n de datos especializados que se presenta en la regi\u00f3n en los \u00e1mbitos de sus culturas e identidades.<br \/>4. Reunir, organizar, conservar y diseminar la documentaci\u00f3n y el conocimiento que se produce sobre la regi\u00f3n.<br \/>5. Ofrecer y divulgar informaci\u00f3n sobre Centroam\u00e9rica y el Caribe, a especialistas, estudiosos e interesados en los problemas de la regi\u00f3n.<br \/>6. Organizar actividades acad\u00e9micas referidas a su \u00e1mbito de especializaci\u00f3n.<\/p><h3><strong>Servicios<\/strong><\/h3><p>\u2022 Pr\u00e9stamo de material bibliogr\u00e1fico<br \/>\u2022 Referencia virtual<br \/>\u2022 B\u00fasquedas de informaci\u00f3n especializadas <br \/>\u2022 Escaneo de documentos exclusivamente patrimoniales<br \/>Ubicaci\u00f3n<br \/>CIICLA, costado Norte de la Facultad de Letras, Ciudad Universitaria Rodrigo Facio, San Pedro de Montes de Oca, San Jos\u00e9, Costa Rica.<\/p><h3><strong>Sitios Web<\/strong><\/h3><p>\u2022 P\u00e1gina del CIICLA: <a href=\"http:\/\/www.ciicla.ucr.ac.cr\/\">http:\/\/www.ciicla.ucr.ac.cr\/<\/a><br \/>\u2022 Cat\u00e1logo del CIRCA: <a href=\"http:\/\/biblioteca.ciicla.ucr.ac.cr\/\">http:\/\/biblioteca.ciicla.ucr.ac.cr\/<\/a> <br \/>\u2022 Revista del CIICLA: Cuadernos Inter.c.a.mbio sobre Centroam\u00e9rica y el Caribe<br \/>\u2022 Facebook: <a href=\"https:\/\/www.facebook.com\/circa.ucr\/\">https:\/\/www.facebook.com\/circa.ucr\/<\/a><br \/>\u2022 Instagram: <a href=\"https:\/\/www.instagram.com\/ciicla_circa\/?igsh=NjR2cm5rbXMyMGp0&amp;utm_source=qr\">https:\/\/www.instagram.com\/ciicla_circa\/?igsh=NjR2cm5rbXMyMGp0&amp;utm_source=qr<\/a><\/p><h3><strong>Horario<\/strong><\/h3><p>De lunes a viernes de 8:00 a.m.a 12:00 m.d. y de 1:00 p.m a 5:00 p.m.<\/p><p><strong>Coordinador del CIRCA<\/strong>: M.L. R\u00f3nal Rivera Rivera<br \/>Bibliotec\u00f3loga: Licda. Sujey Solera Aguilar<br \/><strong>Correo<\/strong>: <a href=\"mailto:circa.ciicla@ucr.ac.cr\">circa.ciicla@ucr.ac.cr<\/a>\u00a0 sujey.solera@ucr.ac.cr<br \/>Tel\u00e9fono: 2511-1982<br \/>WhatsApp: 2511-1982<\/p><\/div>\n\t\t\t\t<\/div>\n\t\t\t\t\t\t\t<div class=\"elementor-toggle-item\">\n\t\t\t\t\t<div id=\"elementor-tab-title-1544\" class=\"elementor-tab-title\" data-tab=\"4\" role=\"button\" aria-controls=\"elementor-tab-content-1544\" aria-expanded=\"false\">\n\t\t\t\t\t\t\t\t\t\t\t\t<span class=\"elementor-toggle-icon elementor-toggle-icon-left\" aria-hidden=\"true\">\n\t\t\t\t\t\t\t\t\t\t\t\t\t\t\t<span class=\"elementor-toggle-icon-closed\"><svg class=\"e-font-icon-svg e-fas-caret-right\" viewBox=\"0 0 192 512\" xmlns=\"http:\/\/www.w3.org\/2000\/svg\"><path d=\"M0 384.662V127.338c0-17.818 21.543-26.741 34.142-14.142l128.662 128.662c7.81 7.81 7.81 20.474 0 28.284L34.142 398.804C21.543 411.404 0 402.48 0 384.662z\"><\/path><\/svg><\/span>\n\t\t\t\t\t\t\t\t<span class=\"elementor-toggle-icon-opened\"><svg class=\"elementor-toggle-icon-opened e-font-icon-svg e-fas-caret-up\" viewBox=\"0 0 320 512\" xmlns=\"http:\/\/www.w3.org\/2000\/svg\"><path d=\"M288.662 352H31.338c-17.818 0-26.741-21.543-14.142-34.142l128.662-128.662c7.81-7.81 20.474-7.81 28.284 0l128.662 128.662c12.6 12.599 3.676 34.142-14.142 34.142z\"><\/path><\/svg><\/span>\n\t\t\t\t\t\t\t\t\t\t\t\t\t<\/span>\n\t\t\t\t\t\t\t\t\t\t\t\t<a class=\"elementor-toggle-title\" tabindex=\"0\">Centro de Recursos para el Aprendizaje y la Investigaci\u00f3n del Instituto de Investigaciones Sociales (CRAI-IIS)<\/a>\n\t\t\t\t\t<\/div>\n\n\t\t\t\t\t<div id=\"elementor-tab-content-1544\" class=\"elementor-tab-content elementor-clearfix\" data-tab=\"4\" role=\"region\" aria-labelledby=\"elementor-tab-title-1544\"><h3><strong>Antecedentes<\/strong><\/h3><p>El Centro de Recursos para el Aprendizaje y la Investigaci\u00f3n (CRAI-IIS), tiene sus or\u00edgenes en 1976 cuando surge como Unidad de Informaci\u00f3n (UNIDI), con el fin de dar apoyo a la investigaci\u00f3n que se realiza en el Instituto de Investigaciones Sociales; posteriormente en el a\u00f1o de 1989, por medio de un convenio entre la Facultad Latinoamericana de Ciencias Sociales (FLACSO), el Consejo Superior Universitario Centroamericano (CSUCA) y el Instituto (IIS) se unifican las colecciones con el prop\u00f3sito de disponer al servicio de la comunidad universitaria y de investigaci\u00f3n de la Regi\u00f3n Centroamericana sus valiosas colecciones, en el \u00e1mbito de las Ciencias Sociales, por la que la unidad de informaci\u00f3n pasa a llamarse Centro de Integrado de Documentaci\u00f3n Centroamericano en Ciencias Sociales (CIDCACS).<br \/>En esta nueva etapa donde las necesidades de informaci\u00f3n y formas de comunicaci\u00f3n han penetrado en el sistema educativo mediante el aula virtual y el desarrollo de conocimiento est\u00e1 relacionado con el aprendizaje continuo y las competencias informativas se replantea el rol del Centro de Documentaci\u00f3n como un ente m\u00e1s integrador en las funciones de la academia (la investigaci\u00f3n, la docencia y la acci\u00f3n social), por lo que se le cambia el concepto a un centro de recursos a partir del a\u00f1o 2018.<br \/>El CRAI-IIS, por medio de sus servicios y productos proporciona orientaci\u00f3n ya sea personalizada, presencial o remota, sobre el uso de los recursos bibliogr\u00e1ficos y de informaci\u00f3n lo cual es fundamental en el apoyo al personal de investigaci\u00f3n, docentes, estudiantes, y p\u00fablico en general; igualmente cumple con uno de los compromisos y responsabilidad social que tiene el Instituto con la comunidad en general de divulgar sus investigaciones, a fin de aportar m\u00e1s en el an\u00e1lisis de los problemas sociales, pol\u00edticos, culturales y contribuir al fortalecimiento de los diferentes \u00f3rganos decisorios en la sociedad costarricense y regional.<\/p><h3><strong>Servicios y Productos<\/strong><\/h3><ul><li>B\u00fasquedas bibliogr\u00e1ficas especializadas<\/li><li>Bibliograf\u00edas impresas o digitales<\/li><li>Elaboraci\u00f3n y edici\u00f3n de v\u00eddeos para los proyectos del personal de investigaci\u00f3n del IIS.<\/li><li>Consulta en sala<\/li><li>Pr\u00e9stamo a domicilio<\/li><li>Pr\u00e9stamo Interbibliotecario<\/li><li>Servicio de Referencia<\/li><li>Consulta telef\u00f3nica.<\/li><li>Donaci\u00f3n de publicaciones duplicadas o descartadas.<\/li><li>Canje de publicaciones<\/li><li>Consulta al cat\u00e1logo en l\u00ednea<\/li><li>Bolet\u00edn electr\u00f3nico<\/li><li>Referencia a otros sitios de inter\u00e9s y repositorios<\/li><\/ul><h3><strong>Horario<\/strong><\/h3><p>El Centro de Recursos para el Aprendizaje y la Ense\u00f1anza ofrece los servicios<br \/>De lunes a viernes de<br \/>8:00 a 12:00 y de 13:00 a 17:00 p.m.<br \/>Ubicaci\u00f3n<br \/>Instituto de Investigaciones Sociales, entre Farmacia y Microbiolog\u00eda, Ciudad Universitaria \u201cRodrigo Facio Brenes\u201d. San Pedro Montes de Oca. San Jos\u00e9, Costa Rica.<\/p><h3><strong>Sitio Web<\/strong><\/h3><p><a href=\"http:\/\/crai.iis.ucr.ac.cr\/\">http:\/\/crai.iis.ucr.ac.cr\/<\/a><\/p><h3><strong>Coordinadora<\/strong><\/h3><p>Licda Yorlenny Madrigal Vargas<br \/>Contacto<br \/>Tel\u00e9fono: (506) 2511 8700 \/ 2511 8698<br \/>Correo electr\u00f3nico: <a href=\"mailto:documentacion.iis@ucr.ac.cr\">documentacion.iis@ucr.ac.cr<\/a><\/p><\/div>\n\t\t\t\t<\/div>\n\t\t\t\t\t\t\t<div class=\"elementor-toggle-item\">\n\t\t\t\t\t<div id=\"elementor-tab-title-1545\" class=\"elementor-tab-title\" data-tab=\"5\" role=\"button\" aria-controls=\"elementor-tab-content-1545\" aria-expanded=\"false\">\n\t\t\t\t\t\t\t\t\t\t\t\t<span class=\"elementor-toggle-icon elementor-toggle-icon-left\" aria-hidden=\"true\">\n\t\t\t\t\t\t\t\t\t\t\t\t\t\t\t<span class=\"elementor-toggle-icon-closed\"><svg class=\"e-font-icon-svg e-fas-caret-right\" viewBox=\"0 0 192 512\" xmlns=\"http:\/\/www.w3.org\/2000\/svg\"><path d=\"M0 384.662V127.338c0-17.818 21.543-26.741 34.142-14.142l128.662 128.662c7.81 7.81 7.81 20.474 0 28.284L34.142 398.804C21.543 411.404 0 402.48 0 384.662z\"><\/path><\/svg><\/span>\n\t\t\t\t\t\t\t\t<span class=\"elementor-toggle-icon-opened\"><svg class=\"elementor-toggle-icon-opened e-font-icon-svg e-fas-caret-up\" viewBox=\"0 0 320 512\" xmlns=\"http:\/\/www.w3.org\/2000\/svg\"><path d=\"M288.662 352H31.338c-17.818 0-26.741-21.543-14.142-34.142l128.662-128.662c7.81-7.81 20.474-7.81 28.284 0l128.662 128.662c12.6 12.599 3.676 34.142-14.142 34.142z\"><\/path><\/svg><\/span>\n\t\t\t\t\t\t\t\t\t\t\t\t\t<\/span>\n\t\t\t\t\t\t\t\t\t\t\t\t<a class=\"elementor-toggle-title\" tabindex=\"0\">Unidad de Informaci\u00f3n y Referencia (UIR). Instituto de Investigaci\u00f3n en Educaci\u00f3n (INIE)<\/a>\n\t\t\t\t\t<\/div>\n\n\t\t\t\t\t<div id=\"elementor-tab-content-1545\" class=\"elementor-tab-content elementor-clearfix\" data-tab=\"5\" role=\"region\" aria-labelledby=\"elementor-tab-title-1545\"><h3><strong>Antecedentes<\/strong><\/h3><p>El Instituto de Investigaci\u00f3n en Educaci\u00f3n (INIE), cre\u00f3 en 1999 la Unidad de Informaci\u00f3n y Referencia (UIR).<\/p><p>Esta unidad tiene como meta recopilar, organizar y difundir informaci\u00f3n especializada sobre diversas \u00e1reas de la educaci\u00f3n (aprendizaje, tecnolog\u00eda, g\u00e9nero, legislaci\u00f3n, educaci\u00f3n ambiental, psicolog\u00eda educativa, entre otros). Asimismo, presta servicios de informaci\u00f3n al personal adscrito tanto al INIE como al p\u00fablico en general.<\/p><p lang=\"es-ES\">\u00a0<\/p><h3><strong>Servicios<\/strong><\/h3><ul><li><p>Pr\u00e9stamo de material bibliogr\u00e1fico a sala<\/p><\/li><li><p>Atenci\u00f3n de consultas especializadas de informaci\u00f3n v\u00eda tel\u00e9fono y correo electr\u00f3nico<\/p><\/li><li><p>B\u00fasquedas especializadas de informaci\u00f3n en bases de datos locales e Internet<\/p><\/li><li><p>Inducci\u00f3n a usuarios<\/p><\/li><\/ul><h3><strong>Productos<\/strong><\/h3><ul><li><p>Bibliograf\u00edas retrospectivas<\/p><\/li><li><p>Bases de datos en l\u00ednea<\/p><\/li><li><p>Revista electr\u00f3nica<\/p><\/li><\/ul><h3><strong>Horario<\/strong>:<\/h3><p>De lunes a viernes de 8:00 a.m. a 11:30 a.m. y de 1:00 p.m a 4:00 p.m.<\/p><p><strong>Ubicaci\u00f3n<\/strong>:\u00a0La Unidad de Informaci\u00f3n se ubica en el INIE en la Ciudad de la Investigaci\u00f3n, contiguo al CELEQ y OET.<\/p><p><strong>Sitio\u00a0web:<\/strong>\u00a0<a href=\"http:\/\/uir.inie.ucr.ac.cr\/\">http:\/\/uir.inie.ucr.ac.cr\/<\/a><\/p><p><strong>Coordinadora<\/strong>:\u00a0M\u00e1ster Rebeca Vargas Bola\u00f1os<\/p><p>Tel\u00e9fonos: 2511-1441 \/ 2511-1415<\/p><p><strong>correo:<\/strong>\u00a0<span id=\"cloak0a32b74ecbdfe04c166019a4a43df3cd\"><a href=\"mailto:martha.barquero@ucr.ac.cr\">martha.barquero@ucr.ac.cr<\/a><\/span><\/p><p><strong>Facebook:<\/strong>\u00a0inie.ucr<\/p><\/div>\n\t\t\t\t<\/div>\n\t\t\t\t\t\t\t\t<\/div>\n\t\t\t\t\t\t<\/div>\n\t\t\t\t<\/div>\n\t\t\t\t\t<\/div>\n\t\t\t\t<\/div>\n\t\t\t\t<\/div>\n\t\t","protected":false},"excerpt":{"rendered":"<p>Centros participantes Biblioteca Virginia Z\u00fa\u00f1iga Trist\u00e1n de la Facultad de Letra Biblioteca especializada en: Filolog\u00eda, Ling\u00fc\u00edstica y Literatura, Filosof\u00eda y Lenguas Modernas. Acervo bibliogr\u00e1fico Esperanto&hellip;<\/p>\n","protected":false},"author":1,"featured_media":0,"parent":0,"menu_order":0,"comment_status":"closed","ping_status":"closed","template":"","meta":{"_acf_changed":false,"footnotes":""},"class_list":["post-48","page","type-page","status-publish","hentry"],"acf":[],"_links":{"self":[{"href":"https:\/\/ruie.ucr.ac.cr\/index.php\/wp-json\/wp\/v2\/pages\/48","targetHints":{"allow":["GET"]}}],"collection":[{"href":"https:\/\/ruie.ucr.ac.cr\/index.php\/wp-json\/wp\/v2\/pages"}],"about":[{"href":"https:\/\/ruie.ucr.ac.cr\/index.php\/wp-json\/wp\/v2\/types\/page"}],"author":[{"embeddable":true,"href":"https:\/\/ruie.ucr.ac.cr\/index.php\/wp-json\/wp\/v2\/users\/1"}],"replies":[{"embeddable":true,"href":"https:\/\/ruie.ucr.ac.cr\/index.php\/wp-json\/wp\/v2\/comments?post=48"}],"version-history":[{"count":91,"href":"https:\/\/ruie.ucr.ac.cr\/index.php\/wp-json\/wp\/v2\/pages\/48\/revisions"}],"predecessor-version":[{"id":335,"href":"https:\/\/ruie.ucr.ac.cr\/index.php\/wp-json\/wp\/v2\/pages\/48\/revisions\/335"}],"wp:attachment":[{"href":"https:\/\/ruie.ucr.ac.cr\/index.php\/wp-json\/wp\/v2\/media?parent=48"}],"curies":[{"name":"wp","href":"https:\/\/api.w.org\/{rel}","templated":true}]}}