{"id":34,"date":"2024-06-21T20:02:57","date_gmt":"2024-06-21T20:02:57","guid":{"rendered":"http:\/\/163.178.171.49\/?page_id=34"},"modified":"2024-08-20T14:39:28","modified_gmt":"2024-08-20T14:39:28","slug":"inicio","status":"publish","type":"page","link":"https:\/\/ruie.ucr.ac.cr\/","title":{"rendered":"Inicio"},"content":{"rendered":"\t\t<div data-elementor-type=\"wp-page\" data-elementor-id=\"34\" class=\"elementor elementor-34\" data-elementor-post-type=\"page\">\n\t\t\t\t<div class=\"elementor-element elementor-element-3dc31ea e-flex e-con-boxed e-con e-parent\" data-id=\"3dc31ea\" data-element_type=\"container\" data-e-type=\"container\">\n\t\t\t\t\t<div class=\"e-con-inner\">\n\t\t\t\t<div class=\"elementor-element elementor-element-972b157 elementor-widget elementor-widget-heading\" data-id=\"972b157\" data-element_type=\"widget\" data-e-type=\"widget\" data-widget_type=\"heading.default\">\n\t\t\t\t<div class=\"elementor-widget-container\">\n\t\t\t\t\t<h2 class=\"elementor-heading-title elementor-size-default\">Red de Unidades de Informaci\u00f3n Especializadas<\/h2>\t\t\t\t<\/div>\n\t\t\t\t<\/div>\n\t\t\t\t<div class=\"elementor-element elementor-element-ce670fe elementor-widget elementor-widget-text-editor\" data-id=\"ce670fe\" data-element_type=\"widget\" data-e-type=\"widget\" data-widget_type=\"text-editor.default\">\n\t\t\t\t<div class=\"elementor-widget-container\">\n\t\t\t\t\t\t\t\t\t<p>La Red de Unidades de Informaci\u00f3n Especializadas, apoya la investigaci\u00f3n y la docencia en la UCR, as\u00ed como a la sociedad costarricense, en las necesidades de informaci\u00f3n especializada en diferentes \u00e1reas del conocimiento (ingenier\u00eda, econom\u00eda, geolog\u00eda, literatura y letras, cultura, ciencias sociales, educaci\u00f3n , artes dram\u00e1ticas, cultura china y temas de g\u00e9nero).<br \/><br \/>Les damos la bienvenida y les invitamos a visitar nuestro cat\u00e1logo o visitar cada una de nuestras unidades participantes.<\/p>\t\t\t\t\t\t\t\t<\/div>\n\t\t\t\t<\/div>\n\t\t\t\t<div class=\"elementor-element elementor-element-5ab1332 elementor-widget elementor-widget-heading\" data-id=\"5ab1332\" data-element_type=\"widget\" data-e-type=\"widget\" data-widget_type=\"heading.default\">\n\t\t\t\t<div class=\"elementor-widget-container\">\n\t\t\t\t\t<h2 class=\"elementor-heading-title elementor-size-default\">Cat\u00e1logo RUIE<\/h2>\t\t\t\t<\/div>\n\t\t\t\t<\/div>\n\t\t\t\t\t<\/div>\n\t\t\t\t<\/div>\n\t\t<div class=\"elementor-element elementor-element-7f4e827 e-flex e-con-boxed e-con e-parent\" data-id=\"7f4e827\" data-element_type=\"container\" data-e-type=\"container\">\n\t\t\t\t\t<div class=\"e-con-inner\">\n\t\t<div class=\"elementor-element elementor-element-587a61f e-con-full e-flex e-con e-child\" data-id=\"587a61f\" data-element_type=\"container\" data-e-type=\"container\">\n\t\t\t\t<div class=\"elementor-element elementor-element-2c25d2e elementor-widget elementor-widget-html\" data-id=\"2c25d2e\" data-element_type=\"widget\" data-e-type=\"widget\" data-widget_type=\"html.default\">\n\t\t\t\t<div class=\"elementor-widget-container\">\n\t\t\t\t\t \r\n        <form method=\"post\" action=\"busqueda.php\">\r\n            <fieldset class=\"form-group col\">\r\n                <div class=\"campos-formulario\">\r\n\r\n                    <div class=\"form-group col-sm-6\">\r\n                        <label for=\"valor\" class=\"col-sm-1-12 col-form-label\"><\/label>\r\n                        <div class=\"col-sm-1-12\">\r\n                            <input type=\"text\" class=\"form-control\" name=\"valor\" id=\"valor\" placeholder=\"\ud83d\udd0d Buscar\">\r\n                        <\/div>\r\n                    <\/div>\r\n\r\n                    <div class=\"form-group col-sm\">\r\n                      <label for=\"seleccion\"><\/label>\r\n                      <select class=\"form-control\" name=\"seleccion\" id=\"seleccion\">\r\n                        <option value=\"AllFields\">Todos los cambios<\/option>\r\n                        <option value=\"Title\">T\u00edtulo<\/option>\r\n                        <option value=\"Author\">Autor<\/option>\r\n                        <option value=\"Subject\">Palabras clave<\/option>\r\n                        <option value=\"CallNumber\">N\u00famero de clasificaci\u00f3n<\/option>\r\n                        <option value=\"ISN\">ISBN\/ISSN<\/option>\r\n                        <option value=\"tag\">Etiqueta<\/option>\r\n                      <\/select>\r\n                    <\/div>\r\n\r\n                    <div class=\"form-group row\">\r\n                        <button type=\"submit\" class=\"btn btn-primary\">Buscar<\/button>\r\n                        <button type=\"reset\" class=\"btn btn-primary\">Borrar<\/button>\r\n                    <\/div>\r\n                <\/div>\r\n            <\/fieldset>\r\n        <\/form>\r\n    \t\t\t\t<\/div>\n\t\t\t\t<\/div>\n\t\t\t\t<\/div>\n\t\t\t\t\t<\/div>\n\t\t\t\t<\/div>\n\t\t<div class=\"elementor-element elementor-element-03064aa e-con-full e-flex e-con e-parent\" data-id=\"03064aa\" data-element_type=\"container\" data-e-type=\"container\">\n\t\t\t\t<div class=\"elementor-element elementor-element-96cbf75 elementor-widget elementor-widget-heading\" data-id=\"96cbf75\" data-element_type=\"widget\" data-e-type=\"widget\" data-widget_type=\"heading.default\">\n\t\t\t\t<div class=\"elementor-widget-container\">\n\t\t\t\t\t<h2 class=\"elementor-heading-title elementor-size-default\">Novedades<\/h2>\t\t\t\t<\/div>\n\t\t\t\t<\/div>\n\t\t\t\t<div class=\"elementor-element elementor-element-5b2c912 elementor-grid-3 elementor-grid-tablet-2 elementor-grid-mobile-1 elementor-widget elementor-widget-loop-grid\" data-id=\"5b2c912\" data-element_type=\"widget\" data-e-type=\"widget\" data-settings=\"{&quot;template_id&quot;:134,&quot;_skin&quot;:&quot;post&quot;,&quot;columns&quot;:&quot;3&quot;,&quot;columns_tablet&quot;:&quot;2&quot;,&quot;columns_mobile&quot;:&quot;1&quot;,&quot;edit_handle_selector&quot;:&quot;[data-elementor-type=\\&quot;loop-item\\&quot;]&quot;,&quot;row_gap&quot;:{&quot;unit&quot;:&quot;px&quot;,&quot;size&quot;:&quot;&quot;,&quot;sizes&quot;:[]},&quot;row_gap_tablet&quot;:{&quot;unit&quot;:&quot;px&quot;,&quot;size&quot;:&quot;&quot;,&quot;sizes&quot;:[]},&quot;row_gap_mobile&quot;:{&quot;unit&quot;:&quot;px&quot;,&quot;size&quot;:&quot;&quot;,&quot;sizes&quot;:[]}}\" data-widget_type=\"loop-grid.post\">\n\t\t\t\t<div class=\"elementor-widget-container\">\n\t\t\t\t\t\t\t<div class=\"elementor-loop-container elementor-grid\" role=\"list\">\n\t\t<style id=\"loop-134\">.elementor-134 .elementor-element.elementor-element-623a8e4{--display:flex;--flex-direction:column;--container-widget-width:100%;--container-widget-height:initial;--container-widget-flex-grow:0;--container-widget-align-self:initial;--flex-wrap-mobile:wrap;border-style:solid;--border-style:solid;border-color:var( --e-global-color-primary );--border-color:var( --e-global-color-primary );--border-radius:15px 15px 15px 15px;}.elementor-widget-theme-post-title .elementor-heading-title{font-family:var( --e-global-typography-primary-font-family ), moserrat;font-weight:var( --e-global-typography-primary-font-weight );color:var( --e-global-color-primary );}.elementor-134 .elementor-element.elementor-element-337eb5b{text-align:center;}.elementor-134 .elementor-element.elementor-element-337eb5b .elementor-heading-title{color:var( --e-global-color-secondary );}.elementor-widget-image .widget-image-caption{color:var( --e-global-color-text );font-family:var( --e-global-typography-text-font-family ), moserrat;font-weight:var( --e-global-typography-text-font-weight );}.elementor-134 .elementor-element.elementor-element-2261906 img{border-radius:15px 15px 15px 15px;}.elementor-widget-divider{--divider-color:var( --e-global-color-secondary );}.elementor-widget-divider .elementor-divider__text{color:var( --e-global-color-secondary );font-family:var( --e-global-typography-secondary-font-family ), moserrat;font-weight:var( --e-global-typography-secondary-font-weight );}.elementor-widget-divider.elementor-view-stacked .elementor-icon{background-color:var( --e-global-color-secondary );}.elementor-widget-divider.elementor-view-framed .elementor-icon, .elementor-widget-divider.elementor-view-default .elementor-icon{color:var( --e-global-color-secondary );border-color:var( --e-global-color-secondary );}.elementor-widget-divider.elementor-view-framed .elementor-icon, .elementor-widget-divider.elementor-view-default .elementor-icon svg{fill:var( --e-global-color-secondary );}.elementor-134 .elementor-element.elementor-element-5d44318{--divider-border-style:solid;--divider-color:var( --e-global-color-secondary );--divider-border-width:1px;}.elementor-134 .elementor-element.elementor-element-5d44318 .elementor-divider-separator{width:100%;}.elementor-134 .elementor-element.elementor-element-5d44318 .elementor-divider{padding-block-start:15px;padding-block-end:15px;}.elementor-widget-button .elementor-button{font-family:var( --e-global-typography-accent-font-family ), moserrat;font-weight:var( --e-global-typography-accent-font-weight );background-color:var( --e-global-color-accent );}.elementor-134 .elementor-element.elementor-element-ae02994 .elementor-button{background-color:var( --e-global-color-primary );border-radius:13px 13px 13px 13px;}.elementor-134 .elementor-element.elementor-element-ae02994 .elementor-button:hover, .elementor-134 .elementor-element.elementor-element-ae02994 .elementor-button:focus{color:var( --e-global-color-secondary );}.elementor-134 .elementor-element.elementor-element-ae02994 .elementor-button:hover svg, .elementor-134 .elementor-element.elementor-element-ae02994 .elementor-button:focus svg{fill:var( --e-global-color-secondary );}.elementor-134 .elementor-element.elementor-element-ae02994 > .elementor-widget-container{margin:-28px 0px 0px 0px;--e-transform-scale:0.9;border-radius:0px 0px 0px 0px;}.elementor-134 .elementor-element.elementor-element-c06392c{--divider-border-style:solid;--divider-color:var( --e-global-color-secondary );--divider-border-width:1px;}.elementor-134 .elementor-element.elementor-element-c06392c .elementor-divider-separator{width:100%;}.elementor-134 .elementor-element.elementor-element-c06392c .elementor-divider{padding-block-start:15px;padding-block-end:15px;}.elementor-134 .elementor-element.elementor-element-c06392c > .elementor-widget-container{margin:-28px 0px 0px 0px;}<\/style>\t\t<div data-elementor-type=\"loop-item\" data-elementor-id=\"134\" class=\"elementor elementor-134 e-loop-item e-loop-item-720 post-720 novedades type-novedades status-publish hentry category-novedad\" data-elementor-post-type=\"elementor_library\" data-custom-edit-handle=\"1\">\n\t\t\t<div class=\"elementor-element elementor-element-623a8e4 e-flex e-con-boxed e-con e-parent\" data-id=\"623a8e4\" data-element_type=\"container\" data-e-type=\"container\">\n\t\t\t\t\t<div class=\"e-con-inner\">\n\t\t\t\t<div class=\"elementor-element elementor-element-337eb5b elementor-widget elementor-widget-theme-post-title elementor-page-title elementor-widget-heading\" data-id=\"337eb5b\" data-element_type=\"widget\" data-e-type=\"widget\" data-widget_type=\"theme-post-title.default\">\n\t\t\t\t<div class=\"elementor-widget-container\">\n\t\t\t\t\t<h5 class=\"elementor-heading-title elementor-size-default\">Conferencia: &#8220;Escuela, Estado y el rol docente: la experiencia de Argentina&#8221;<\/h5>\t\t\t\t<\/div>\n\t\t\t\t<\/div>\n\t\t\t\t<div class=\"elementor-element elementor-element-2261906 elementor-widget elementor-widget-image\" data-id=\"2261906\" data-element_type=\"widget\" data-e-type=\"widget\" data-widget_type=\"image.default\">\n\t\t\t\t<div class=\"elementor-widget-container\">\n\t\t\t\t\t\t\t\t\t\t\t\t\t\t\t<img decoding=\"async\" src=\"https:\/\/ruie.ucr.ac.cr\/wp-content\/uploads\/2026\/03\/Conferencia.jpg\" title=\"\" alt=\"\" loading=\"lazy\" \/>\t\t\t\t\t\t\t\t\t\t\t\t\t\t\t<\/div>\n\t\t\t\t<\/div>\n\t\t\t\t<div class=\"elementor-element elementor-element-5d44318 elementor-widget-divider--view-line elementor-widget elementor-widget-divider\" data-id=\"5d44318\" data-element_type=\"widget\" data-e-type=\"widget\" data-widget_type=\"divider.default\">\n\t\t\t\t<div class=\"elementor-widget-container\">\n\t\t\t\t\t\t\t<div class=\"elementor-divider\">\n\t\t\t<span class=\"elementor-divider-separator\">\n\t\t\t\t\t\t<\/span>\n\t\t<\/div>\n\t\t\t\t\t\t<\/div>\n\t\t\t\t<\/div>\n\t\t\t\t<div class=\"elementor-element elementor-element-ae02994 elementor-align-center e-transform elementor-widget elementor-widget-button\" data-id=\"ae02994\" data-element_type=\"widget\" data-e-type=\"widget\" data-settings=\"{&quot;_transform_scale_effect&quot;:{&quot;unit&quot;:&quot;px&quot;,&quot;size&quot;:0.9,&quot;sizes&quot;:[]},&quot;_transform_scale_effect_tablet&quot;:{&quot;unit&quot;:&quot;px&quot;,&quot;size&quot;:&quot;&quot;,&quot;sizes&quot;:[]},&quot;_transform_scale_effect_mobile&quot;:{&quot;unit&quot;:&quot;px&quot;,&quot;size&quot;:&quot;&quot;,&quot;sizes&quot;:[]}}\" data-widget_type=\"button.default\">\n\t\t\t\t<div class=\"elementor-widget-container\">\n\t\t\t\t\t\t\t\t\t<div class=\"elementor-button-wrapper\">\n\t\t\t\t\t<a class=\"elementor-button elementor-button-link elementor-size-sm\" href=\"https:\/\/ruie.ucr.ac.cr\/index.php\/novedades\/conferencia-escuela-estado-y-el-rol-docente-la-experiencia-de-argentina\/\">\n\t\t\t\t\t\t<span class=\"elementor-button-content-wrapper\">\n\t\t\t\t\t\t\t\t\t<span class=\"elementor-button-text\">Leer m\u00e1s<\/span>\n\t\t\t\t\t<\/span>\n\t\t\t\t\t<\/a>\n\t\t\t\t<\/div>\n\t\t\t\t\t\t\t\t<\/div>\n\t\t\t\t<\/div>\n\t\t\t\t<div class=\"elementor-element elementor-element-c06392c elementor-widget-divider--view-line elementor-widget elementor-widget-divider\" data-id=\"c06392c\" data-element_type=\"widget\" data-e-type=\"widget\" data-widget_type=\"divider.default\">\n\t\t\t\t<div class=\"elementor-widget-container\">\n\t\t\t\t\t\t\t<div class=\"elementor-divider\">\n\t\t\t<span class=\"elementor-divider-separator\">\n\t\t\t\t\t\t<\/span>\n\t\t<\/div>\n\t\t\t\t\t\t<\/div>\n\t\t\t\t<\/div>\n\t\t\t\t\t<\/div>\n\t\t\t\t<\/div>\n\t\t\t\t<\/div>\n\t\t\t\t<div data-elementor-type=\"loop-item\" data-elementor-id=\"134\" class=\"elementor elementor-134 e-loop-item e-loop-item-716 post-716 novedades type-novedades status-publish hentry category-novedad\" data-elementor-post-type=\"elementor_library\" data-custom-edit-handle=\"1\">\n\t\t\t<div class=\"elementor-element elementor-element-623a8e4 e-flex e-con-boxed e-con e-parent\" data-id=\"623a8e4\" data-element_type=\"container\" data-e-type=\"container\">\n\t\t\t\t\t<div class=\"e-con-inner\">\n\t\t\t\t<div class=\"elementor-element elementor-element-337eb5b elementor-widget elementor-widget-theme-post-title elementor-page-title elementor-widget-heading\" data-id=\"337eb5b\" data-element_type=\"widget\" data-e-type=\"widget\" data-widget_type=\"theme-post-title.default\">\n\t\t\t\t<div class=\"elementor-widget-container\">\n\t\t\t\t\t<h5 class=\"elementor-heading-title elementor-size-default\">Voces y saberes: T2 E1 Tecnolog\u00eda al servicio del Aprendizaje: una discusi\u00f3n pendiente en la Universidad, invitada: Kattia Pierre Murray<\/h5>\t\t\t\t<\/div>\n\t\t\t\t<\/div>\n\t\t\t\t<div class=\"elementor-element elementor-element-2261906 elementor-widget elementor-widget-image\" data-id=\"2261906\" data-element_type=\"widget\" data-e-type=\"widget\" data-widget_type=\"image.default\">\n\t\t\t\t<div class=\"elementor-widget-container\">\n\t\t\t\t\t\t\t\t\t\t\t\t\t\t\t<img decoding=\"async\" src=\"https:\/\/ruie.ucr.ac.cr\/wp-content\/uploads\/2026\/03\/Voces-y-saberes.jpeg\" title=\"\" alt=\"\" loading=\"lazy\" \/>\t\t\t\t\t\t\t\t\t\t\t\t\t\t\t<\/div>\n\t\t\t\t<\/div>\n\t\t\t\t<div class=\"elementor-element elementor-element-5d44318 elementor-widget-divider--view-line elementor-widget elementor-widget-divider\" data-id=\"5d44318\" data-element_type=\"widget\" data-e-type=\"widget\" data-widget_type=\"divider.default\">\n\t\t\t\t<div class=\"elementor-widget-container\">\n\t\t\t\t\t\t\t<div class=\"elementor-divider\">\n\t\t\t<span class=\"elementor-divider-separator\">\n\t\t\t\t\t\t<\/span>\n\t\t<\/div>\n\t\t\t\t\t\t<\/div>\n\t\t\t\t<\/div>\n\t\t\t\t<div class=\"elementor-element elementor-element-ae02994 elementor-align-center e-transform elementor-widget elementor-widget-button\" data-id=\"ae02994\" data-element_type=\"widget\" data-e-type=\"widget\" data-settings=\"{&quot;_transform_scale_effect&quot;:{&quot;unit&quot;:&quot;px&quot;,&quot;size&quot;:0.9,&quot;sizes&quot;:[]},&quot;_transform_scale_effect_tablet&quot;:{&quot;unit&quot;:&quot;px&quot;,&quot;size&quot;:&quot;&quot;,&quot;sizes&quot;:[]},&quot;_transform_scale_effect_mobile&quot;:{&quot;unit&quot;:&quot;px&quot;,&quot;size&quot;:&quot;&quot;,&quot;sizes&quot;:[]}}\" data-widget_type=\"button.default\">\n\t\t\t\t<div class=\"elementor-widget-container\">\n\t\t\t\t\t\t\t\t\t<div class=\"elementor-button-wrapper\">\n\t\t\t\t\t<a class=\"elementor-button elementor-button-link elementor-size-sm\" href=\"https:\/\/ruie.ucr.ac.cr\/index.php\/novedades\/voces-y-saberes-segunda-temporada\/\">\n\t\t\t\t\t\t<span class=\"elementor-button-content-wrapper\">\n\t\t\t\t\t\t\t\t\t<span class=\"elementor-button-text\">Leer m\u00e1s<\/span>\n\t\t\t\t\t<\/span>\n\t\t\t\t\t<\/a>\n\t\t\t\t<\/div>\n\t\t\t\t\t\t\t\t<\/div>\n\t\t\t\t<\/div>\n\t\t\t\t<div class=\"elementor-element elementor-element-c06392c elementor-widget-divider--view-line elementor-widget elementor-widget-divider\" data-id=\"c06392c\" data-element_type=\"widget\" data-e-type=\"widget\" data-widget_type=\"divider.default\">\n\t\t\t\t<div class=\"elementor-widget-container\">\n\t\t\t\t\t\t\t<div class=\"elementor-divider\">\n\t\t\t<span class=\"elementor-divider-separator\">\n\t\t\t\t\t\t<\/span>\n\t\t<\/div>\n\t\t\t\t\t\t<\/div>\n\t\t\t\t<\/div>\n\t\t\t\t\t<\/div>\n\t\t\t\t<\/div>\n\t\t\t\t<\/div>\n\t\t\t\t<div data-elementor-type=\"loop-item\" data-elementor-id=\"134\" class=\"elementor elementor-134 e-loop-item e-loop-item-713 post-713 novedades type-novedades status-publish hentry category-evento\" data-elementor-post-type=\"elementor_library\" data-custom-edit-handle=\"1\">\n\t\t\t<div class=\"elementor-element elementor-element-623a8e4 e-flex e-con-boxed e-con e-parent\" data-id=\"623a8e4\" data-element_type=\"container\" data-e-type=\"container\">\n\t\t\t\t\t<div class=\"e-con-inner\">\n\t\t\t\t<div class=\"elementor-element elementor-element-337eb5b elementor-widget elementor-widget-theme-post-title elementor-page-title elementor-widget-heading\" data-id=\"337eb5b\" data-element_type=\"widget\" data-e-type=\"widget\" data-widget_type=\"theme-post-title.default\">\n\t\t\t\t<div class=\"elementor-widget-container\">\n\t\t\t\t\t<h5 class=\"elementor-heading-title elementor-size-default\">Del Prompt a la Pr\u00e1ctica: Taller de Herramientas de IA para Procesos de Investigaci\u00f3n<\/h5>\t\t\t\t<\/div>\n\t\t\t\t<\/div>\n\t\t\t\t<div class=\"elementor-element elementor-element-2261906 elementor-widget elementor-widget-image\" data-id=\"2261906\" data-element_type=\"widget\" data-e-type=\"widget\" data-widget_type=\"image.default\">\n\t\t\t\t<div class=\"elementor-widget-container\">\n\t\t\t\t\t\t\t\t\t\t\t\t\t\t\t<img decoding=\"async\" src=\"https:\/\/ruie.ucr.ac.cr\/wp-content\/uploads\/2026\/03\/Del-Prompt-a-la-Practica-Herramientas-de-IA-para-Procesos-Bibliotecarios.png\" title=\"\" alt=\"\" loading=\"lazy\" \/>\t\t\t\t\t\t\t\t\t\t\t\t\t\t\t<\/div>\n\t\t\t\t<\/div>\n\t\t\t\t<div class=\"elementor-element elementor-element-5d44318 elementor-widget-divider--view-line elementor-widget elementor-widget-divider\" data-id=\"5d44318\" data-element_type=\"widget\" data-e-type=\"widget\" data-widget_type=\"divider.default\">\n\t\t\t\t<div class=\"elementor-widget-container\">\n\t\t\t\t\t\t\t<div class=\"elementor-divider\">\n\t\t\t<span class=\"elementor-divider-separator\">\n\t\t\t\t\t\t<\/span>\n\t\t<\/div>\n\t\t\t\t\t\t<\/div>\n\t\t\t\t<\/div>\n\t\t\t\t<div class=\"elementor-element elementor-element-ae02994 elementor-align-center e-transform elementor-widget elementor-widget-button\" data-id=\"ae02994\" data-element_type=\"widget\" data-e-type=\"widget\" data-settings=\"{&quot;_transform_scale_effect&quot;:{&quot;unit&quot;:&quot;px&quot;,&quot;size&quot;:0.9,&quot;sizes&quot;:[]},&quot;_transform_scale_effect_tablet&quot;:{&quot;unit&quot;:&quot;px&quot;,&quot;size&quot;:&quot;&quot;,&quot;sizes&quot;:[]},&quot;_transform_scale_effect_mobile&quot;:{&quot;unit&quot;:&quot;px&quot;,&quot;size&quot;:&quot;&quot;,&quot;sizes&quot;:[]}}\" data-widget_type=\"button.default\">\n\t\t\t\t<div class=\"elementor-widget-container\">\n\t\t\t\t\t\t\t\t\t<div class=\"elementor-button-wrapper\">\n\t\t\t\t\t<a class=\"elementor-button elementor-button-link elementor-size-sm\" href=\"https:\/\/ruie.ucr.ac.cr\/index.php\/novedades\/del-prompt-a-la-practica-taller-de-herramientas-de-ia-para-procesos-de-investigacion\/\">\n\t\t\t\t\t\t<span class=\"elementor-button-content-wrapper\">\n\t\t\t\t\t\t\t\t\t<span class=\"elementor-button-text\">Leer m\u00e1s<\/span>\n\t\t\t\t\t<\/span>\n\t\t\t\t\t<\/a>\n\t\t\t\t<\/div>\n\t\t\t\t\t\t\t\t<\/div>\n\t\t\t\t<\/div>\n\t\t\t\t<div class=\"elementor-element elementor-element-c06392c elementor-widget-divider--view-line elementor-widget elementor-widget-divider\" data-id=\"c06392c\" data-element_type=\"widget\" data-e-type=\"widget\" data-widget_type=\"divider.default\">\n\t\t\t\t<div class=\"elementor-widget-container\">\n\t\t\t\t\t\t\t<div class=\"elementor-divider\">\n\t\t\t<span class=\"elementor-divider-separator\">\n\t\t\t\t\t\t<\/span>\n\t\t<\/div>\n\t\t\t\t\t\t<\/div>\n\t\t\t\t<\/div>\n\t\t\t\t\t<\/div>\n\t\t\t\t<\/div>\n\t\t\t\t<\/div>\n\t\t\t\t<\/div>\n\t\t\n\t\t\t\t\t\t<\/div>\n\t\t\t\t<\/div>\n\t\t\t\t<\/div>\n\t\t<div class=\"elementor-element elementor-element-45896ec e-flex e-con-boxed e-con e-parent\" data-id=\"45896ec\" data-element_type=\"container\" data-e-type=\"container\">\n\t\t\t\t\t<div class=\"e-con-inner\">\n\t\t\t\t\t<\/div>\n\t\t\t\t<\/div>\n\t\t<div class=\"elementor-element elementor-element-0346fb6 e-flex e-con-boxed e-con e-parent\" data-id=\"0346fb6\" data-element_type=\"container\" data-e-type=\"container\">\n\t\t\t\t\t<div class=\"e-con-inner\">\n\t\t\t\t\t<\/div>\n\t\t\t\t<\/div>\n\t\t\t\t<\/div>\n\t\t","protected":false},"excerpt":{"rendered":"<p>Red de Unidades de Informaci\u00f3n Especializadas La Red de Unidades de Informaci\u00f3n Especializadas, apoya la investigaci\u00f3n y la docencia en la UCR, as\u00ed como a&hellip;<\/p>\n","protected":false},"author":1,"featured_media":0,"parent":0,"menu_order":0,"comment_status":"closed","ping_status":"closed","template":"","meta":{"_acf_changed":false,"footnotes":""},"class_list":["post-34","page","type-page","status-publish","hentry"],"acf":[],"_links":{"self":[{"href":"https:\/\/ruie.ucr.ac.cr\/index.php\/wp-json\/wp\/v2\/pages\/34","targetHints":{"allow":["GET"]}}],"collection":[{"href":"https:\/\/ruie.ucr.ac.cr\/index.php\/wp-json\/wp\/v2\/pages"}],"about":[{"href":"https:\/\/ruie.ucr.ac.cr\/index.php\/wp-json\/wp\/v2\/types\/page"}],"author":[{"embeddable":true,"href":"https:\/\/ruie.ucr.ac.cr\/index.php\/wp-json\/wp\/v2\/users\/1"}],"replies":[{"embeddable":true,"href":"https:\/\/ruie.ucr.ac.cr\/index.php\/wp-json\/wp\/v2\/comments?post=34"}],"version-history":[{"count":70,"href":"https:\/\/ruie.ucr.ac.cr\/index.php\/wp-json\/wp\/v2\/pages\/34\/revisions"}],"predecessor-version":[{"id":359,"href":"https:\/\/ruie.ucr.ac.cr\/index.php\/wp-json\/wp\/v2\/pages\/34\/revisions\/359"}],"wp:attachment":[{"href":"https:\/\/ruie.ucr.ac.cr\/index.php\/wp-json\/wp\/v2\/media?parent=34"}],"curies":[{"name":"wp","href":"https:\/\/api.w.org\/{rel}","templated":true}]}}